{"id":2231,"date":"2016-11-21T13:37:16","date_gmt":"2016-11-21T12:37:16","guid":{"rendered":"http:\/\/www.arcturius.net\/it\/?page_id=2231"},"modified":"2016-12-13T13:21:58","modified_gmt":"2016-12-13T12:21:58","slug":"acquisto-cessione-vendita-azienda","status":"publish","type":"page","link":"https:\/\/www.arcturius.net\/it\/acquisto-cessione-vendita-azienda\/","title":{"rendered":"Acquisto e Vendita Aziende"},"content":{"rendered":"<div class=\"wpb-content-wrapper\"><p>[vc_row type=&#8221;vc_default&#8221; css=&#8221;.vc_custom_1480684594018{margin-top: 20px !important;}&#8221;][vc_column][vc_column_text]<\/p>\n<h1 style=\"text-align: center;\"><span id=\"result_box\" class=\"\" lang=\"fr\"><span class=\"\">BUSINESS BROKER<br \/>\n<\/span><\/span><\/h1>\n<p style=\"text-align: center;\">Arcturius <span class=\"\">\u00e8 specializzata<\/span> <span class=\"\">nell&#8217;assistere<\/span> gli imprenditori durante il <span class=\"\">processo d<\/span>&#8216;acquisto e di vendita <span class=\"\">di aziende<\/span>. <span class=\"\">In qualit\u00e0 di<\/span> mediatore di business internazionale, Arcturius offre intermediazione <span class=\"\">professionale di<\/span> alto livello prestando particolare attenzione ai valori di competenza, integrit\u00e0 e onest\u00e0 <span class=\"\">della transazione<\/span> <span class=\"\">commerciale internazionale<\/span><span class=\"\">.<\/span><\/p>\n<p>[\/vc_column_text][\/vc_column][\/vc_row][vc_row type=&#8221;vc_default&#8221; full_width=&#8221;stretch_row&#8221; bg_type=&#8221;bg_color&#8221; el_id=&#8221;acquisto-azienda&#8221;][vc_column][vc_column_text]<\/p>\n<h2 style=\"text-align: center;\">L&#8217;Acquisto di un&#8217;Azienda<\/h2>\n<h4 style=\"text-align: center;\"><span id=\"result_box\" class=\"short_text\" lang=\"it\">Investire in un&#8217;avventura <span class=\"\">imprenditoriale<\/span><\/span><\/h4>\n<p>[\/vc_column_text][\/vc_column][\/vc_row][vc_row type=&#8221;vc_default&#8221; full_width=&#8221;stretch_row&#8221; bg_type=&#8221;bg_color&#8221;][vc_column width=&#8221;1\/4&#8243;][vc_single_image image=&#8221;1981&#8243; img_size=&#8221;medium&#8221; css_animation=&#8221;fadeInUp&#8221;][\/vc_column][vc_column width=&#8221;3\/4&#8243;][vc_column_text]<span id=\"result_box\" class=\"\" lang=\"it\">Arcturius realizza l&#8217;acquisto di imprese esistenti per conto proprio o per conto <span class=\"\">dei suoi clienti<\/span>. Se <span class=\"\">siete degli acquirenti<\/span>, <span class=\"\">noi saremo il vostro<\/span> broker e svolgeremo un ruolo attivo e facilitatore per tutto il <span class=\"\">processo di negoziazione e<\/span> risoluzione del contratto di vendita. In questo modo vi sosteniamo verso <span class=\"\">il successo del vostro<\/span> acquisto d&#8217;impresa<span class=\"\">.<\/span><\/span><\/p>\n<h4><span id=\"result_box\" class=\"short_text\" lang=\"it\">Un investimento <span class=\"\">adatto a voi<\/span><\/span><\/h4>\n<p><span id=\"result_box\" class=\"\" lang=\"it\">Abbiamo un portafoglio di attivit\u00e0 e di imprese in vendita. Selezioniamo con cura le aziende in <span class=\"\">modo che possiate riprendere <\/span>gli affari alle migliori condizioni, cosi da poter <span class=\"\">fare un buon investimento<\/span><span class=\"\">.<\/span><\/span><\/p>\n<h4><span id=\"result_box\" class=\"short_text\" lang=\"it\"><span class=\"\">Accompagnamento &amp; Guida<\/span> <\/span><\/h4>\n<p><span id=\"result_box\" class=\"\" lang=\"it\"><span class=\"\">Possiamo anche<\/span> <span class=\"\">aiutarvi nello sviluppo<\/span> e nell&#8217;attuazione di nuove strategie <span class=\"\">di sviluppo del business<\/span>.<\/span><\/p>\n<p>L&#8217;acquisto o l&#8217;a<span class=\"\">cquisizione<\/span> di una societ\u00e0 richiede, in effetti, le abilit\u00e0 e le competenze multiple <span class=\"\">che offriamo<\/span><span class=\"\">:<\/span>[\/vc_column_text][vc_row_inner css=&#8221;.vc_custom_1476275865517{margin-top: -20px !important;}&#8221;][vc_column_inner width=&#8221;1\/2&#8243;][vc_column_text]<i class=\"fa icon-right-open\"><\/i>Negoziati di alto livello<\/p>\n<p><i class=\"fa icon-right-open\"><\/i>Servizi legali<\/p>\n<p><i class=\"fa icon-right-open\"><\/i>Trasmissione d\u2019impresa[\/vc_column_text][\/vc_column_inner][vc_column_inner width=&#8221;1\/2&#8243;][vc_column_text]<i class=\"fa icon-right-open\"><\/i>Business Management<\/p>\n<p><i class=\"fa icon-right-open\"><\/i>Gestione delle crisi<\/p>\n<p><i class=\"fa icon-right-open\"><\/i>Gestione del cambiamento[\/vc_column_text][\/vc_column_inner][\/vc_row_inner][\/vc_column][\/vc_row][vc_row type=&#8221;vc_default&#8221; full_width=&#8221;stretch_row&#8221; bg_type=&#8221;bg_color&#8221; bg_override=&#8221;full&#8221; css=&#8221;.vc_custom_1480684559037{margin-top: 30px !important;}&#8221; el_id=&#8221;vendita-aziende&#8221; bg_color_value=&#8221;#fcf1e3&#8243;][vc_column][vc_column_text css=&#8221;.vc_custom_1481630594849{margin-top: 5px !important;}&#8221;]<\/p>\n<h2 style=\"text-align: center;\">Vendita di un&#8217;Impresa<\/h2>\n<h4 style=\"text-align: center;\">Una <span id=\"result_box\" class=\"short_text\" lang=\"it\">decisione da <span class=\"\">preparare<\/span> <span class=\"\">bene<\/span><\/span><\/h4>\n<p>[\/vc_column_text][\/vc_column][\/vc_row][vc_row type=&#8221;vc_default&#8221; full_width=&#8221;stretch_row&#8221; bg_type=&#8221;bg_color&#8221; bg_override=&#8221;full&#8221; css=&#8221;.vc_custom_1480672134040{margin-top: -10px !important;}&#8221; bg_color_value=&#8221;#fcf1e3&#8243;][vc_column width=&#8221;1\/4&#8243;][vc_single_image image=&#8221;1844&#8243; img_size=&#8221;medium&#8221; css_animation=&#8221;fadeInUp&#8221;][\/vc_column][vc_column width=&#8221;3\/4&#8243;][vc_column_text]Diversi motivi possono indurre un leader a voler vendere la propria attivit\u00e0. Questa pu\u00f2 essere l&#8217;opportunit\u00e0 per recuperare il suo investimento. Pu\u00f2 anche essere il caso di un&#8217;azienda che \u00e8 in amministrazione controllata, in difficolt\u00e0, insolvente o addirittura in fallimento.<\/p>\n<p><span id=\"result_box\" class=\"\" lang=\"it\">In tutte le situazioni, Arcturius acquista o vi accompagna nei passaggi e decisioni importanti che un acquirente chiede: la valutazione della societ\u00e0, la determinazione del prezzo di vendita, la ricerca e le trattative con potenziali acquirenti per l&#8217;azienda.<\/span><\/p>\n<h4>Un accordo su misura<\/h4>\n<p>La vendita del proprio business \u00e8 sempre un&#8217;operazione delicata, perch\u00e9 il contratto di vendita \u00e8 un atto del tutto specifico per ogni azienda. Sigilla i negoziati su prezzi, condizioni e garanzie relativi alla vendita.<\/p>\n<p>Arcturius vi accompagna e vi guida verso ci\u00f2 che \u00e8 meglio per la vostra situazione, in ogni fase del processo di vendita.<\/p>\n<h4>Competenze e Saper Fare<\/h4>\n<p>La vendita di un&#8217;azienda \u00e8 un evento straordinario. L&#8217;imprenditore pu\u00f2 raramente fare appello alla sua esperienza professionale per gestire questa situazione. Al fine di supportare al meglio la vendita, portiamo insieme competenze e saper fare complessi:[\/vc_column_text][vc_row_inner css=&#8221;.vc_custom_1476276614904{margin-top: -20px !important;}&#8221;][vc_column_inner width=&#8221;1\/2&#8243;][vc_column_text]<i class=\"fa icon-right-open\"><\/i>Servizi legali<\/p>\n<p><i class=\"fa icon-right-open\"><\/i>Valutazione finanziaria<\/p>\n<p><i class=\"fa icon-right-open\"><\/i>Promozione della vendita<\/p>\n<p><i class=\"fa icon-right-open\"><\/i>Ricerca di acquirenti[\/vc_column_text][\/vc_column_inner][vc_column_inner width=&#8221;1\/2&#8243;][vc_column_text]<i class=\"fa icon-right-open\"><\/i>Negoziati di alto livello<\/p>\n<p><i class=\"fa icon-right-open\"><\/i>Gestione delle crisi<\/p>\n<p><i class=\"fa icon-right-open\"><\/i>Gestione del cambiamento<\/p>\n<p><i class=\"fa icon-right-open\"><\/i>Trasmissione d&#8217;impresa[\/vc_column_text][\/vc_column_inner][\/vc_row_inner][\/vc_column][\/vc_row][vc_row type=&#8221;vc_default&#8221; full_width=&#8221;stretch_row&#8221; bg_type=&#8221;bg_color&#8221; bg_override=&#8221;full&#8221; css=&#8221;.vc_custom_1476276778863{margin-top: 30px !important;}&#8221;][vc_column][vc_column_text css=&#8221;.vc_custom_1480685051552{margin-top: 5px !important;}&#8221;]<\/p>\n<h2 style=\"text-align: center;\">Godetevi la nostra Esperienza<\/h2>\n<p>[\/vc_column_text][\/vc_column][\/vc_row][vc_row type=&#8221;vc_default&#8221; full_width=&#8221;stretch_row&#8221; equal_height=&#8221;yes&#8221;][vc_column width=&#8221;1\/3&#8243;][vc_cta h2=&#8221;Approfittate della nostra rete internazionale&#8221; txt_align=&#8221;center&#8221; shape=&#8221;square&#8221; style=&#8221;flat&#8221; add_button=&#8221;bottom&#8221; btn_title=&#8221;TROVARE ACQUIRENTI&#8221; btn_style=&#8221;flat&#8221; btn_shape=&#8221;square&#8221; btn_color=&#8221;inverse&#8221; btn_size=&#8221;lg&#8221; btn_align=&#8221;center&#8221; add_icon=&#8221;top&#8221; i_icon_fontawesome=&#8221;fa fa-comments-o&#8221; i_color=&#8221;custom&#8221; i_background_style=&#8221;rounded&#8221; i_background_color=&#8221;custom&#8221; css_animation=&#8221;bottom-to-top&#8221; i_on_border=&#8221;true&#8221; i_custom_color=&#8221;#ffffff&#8221; i_custom_background_color=&#8221;#394652&#8243; btn_link=&#8221;url:http%3A%2F%2Fwww.arcturius.net%2Fit%2Fcontattare%2F%23consulenza-strategica-aziendale|title:conttatare%20consulenza%20strategica%20aziendale||&#8221;]Acquistiamo la vostra attivit\u00e0 o la proponiamo alla nostra rete internazionale costruita in oltre 25 anni di esperienza nelle imprese. Ci\u00f2 vi consente di entrare rapidamente in contatto con persone interessate alla vendit\u00e0 del vostro business.[\/vc_cta][\/vc_column][vc_column width=&#8221;1\/3&#8243;][vc_cta h2=&#8221;A quale prezzo vendere l&#8217;impresa ?&#8221; txt_align=&#8221;center&#8221; shape=&#8221;square&#8221; style=&#8221;flat&#8221; add_button=&#8221;bottom&#8221; btn_title=&#8221;AVERE UN PREZZO&#8221; btn_style=&#8221;flat&#8221; btn_shape=&#8221;square&#8221; btn_color=&#8221;inverse&#8221; btn_size=&#8221;lg&#8221; btn_align=&#8221;center&#8221; add_icon=&#8221;top&#8221; i_icon_fontawesome=&#8221;fa fa-calculator&#8221; i_color=&#8221;custom&#8221; i_background_style=&#8221;rounded&#8221; i_background_color=&#8221;custom&#8221; css_animation=&#8221;bottom-to-top&#8221; i_on_border=&#8221;true&#8221; i_custom_color=&#8221;#ffffff&#8221; i_custom_background_color=&#8221;#394652&#8243; btn_link=&#8221;url:http%3A%2F%2Fwww.arcturius.net%2Fit%2Fcontattare%2F%23consulenza-strategica-aziendale|title:contattare%20business%20broker||&#8221;]Volete sapere il prezzo per la vendita della vostra azienda ? Questo richiede una valutazione attenta. L&#8217;analisi della situazione della societ\u00e0 e delle sue potenziali \u00e8 affidata ai nostri esperti che vi assisteranno nella fissazione del prezzo di vendita.[\/vc_cta][\/vc_column][vc_column width=&#8221;1\/3&#8243;][vc_cta h2=&#8221;Come acquistare un&#8217;impresa ?&#8221; txt_align=&#8221;center&#8221; shape=&#8221;square&#8221; style=&#8221;flat&#8221; add_button=&#8221;bottom&#8221; btn_title=&#8221;ULTERIORI INFORMAZIONI&#8221; btn_style=&#8221;flat&#8221; btn_shape=&#8221;square&#8221; btn_color=&#8221;inverse&#8221; btn_size=&#8221;lg&#8221; btn_align=&#8221;center&#8221; add_icon=&#8221;top&#8221; i_icon_fontawesome=&#8221;fa fa-pencil-square-o&#8221; i_color=&#8221;custom&#8221; i_background_style=&#8221;rounded&#8221; i_background_color=&#8221;custom&#8221; css_animation=&#8221;bottom-to-top&#8221; i_on_border=&#8221;true&#8221; i_custom_color=&#8221;#ffffff&#8221; i_custom_background_color=&#8221;#394652&#8243; btn_link=&#8221;url:http%3A%2F%2Fwww.arcturius.net%2Fit%2Fcontattare%2F%23consulenza-strategica-aziendale|title:consulenza%20strategie%20aziendale||&#8221;]<\/p>\n<div class=\"vc_cta3_content-container\">\n<div class=\"vc_cta3-content\">Volete comprare una societ\u00e0 o desiderate essere informati circa le imprese in vendita ? Arcturius \u00e8 attiva nella ricerca d&#8217;imprese che potrebbero convenirvi e vi accompagna durante tutto il processo di acquisto fino alla ripresa dell&#8217;impresa.<\/div>\n<\/div>\n<p>[\/vc_cta][\/vc_column][\/vc_row]<\/p>\n<\/div>","protected":false},"excerpt":{"rendered":"<p>[vc_row type=&#8221;vc_default&#8221; css=&#8221;.vc_custom_1480684594018{margin-top: 20px !important;}&#8221;][vc_column][vc_column_text] BUSINESS BROKER Arcturius \u00e8 specializzata nell&#8217;assistere gli imprenditori durante il processo d&#8216;acquisto e di vendita di aziende. In qualit\u00e0 di mediatore di business internazionale, Arcturius offre intermediazione professionale di alto livello prestando particolare attenzione ai valori di competenza, integrit\u00e0 e onest\u00e0 della transazione commerciale internazionale. [\/vc_column_text][\/vc_column][\/vc_row][vc_row type=&#8221;vc_default&#8221; full_width=&#8221;stretch_row&#8221; bg_type=&#8221;bg_color&#8221; el_id=&#8221;acquisto-azienda&#8221;][vc_column][vc_column_text]&hellip;<\/p>\n","protected":false},"author":1,"featured_media":0,"parent":0,"menu_order":0,"comment_status":"closed","ping_status":"closed","template":"","meta":{"footnotes":""},"class_list":["post-2231","page","type-page","status-publish","hentry","description-off"],"yoast_head":"<!-- This site is optimized with the Yoast SEO plugin v27.4 - https:\/\/yoast.com\/product\/yoast-seo-wordpress\/ -->\n<title>Acquisto e Vendita Aziende - Arcturius<\/title>\n<meta name=\"robots\" content=\"index, follow, max-snippet:-1, max-image-preview:large, max-video-preview:-1\" \/>\n<link rel=\"canonical\" href=\"https:\/\/www.arcturius.net\/it\/acquisto-cessione-vendita-azienda\/\" \/>\n<meta name=\"twitter:label1\" content=\"Tempo di lettura stimato\" \/>\n\t<meta name=\"twitter:data1\" content=\"6 minutes\" \/>\n<script type=\"application\/ld+json\" class=\"yoast-schema-graph\">{\"@context\":\"https:\\\/\\\/schema.org\",\"@graph\":[{\"@type\":\"WebPage\",\"@id\":\"https:\\\/\\\/www.arcturius.net\\\/it\\\/acquisto-cessione-vendita-azienda\\\/\",\"url\":\"https:\\\/\\\/www.arcturius.net\\\/it\\\/acquisto-cessione-vendita-azienda\\\/\",\"name\":\"Acquisto e Vendita Aziende - Arcturius\",\"isPartOf\":{\"@id\":\"https:\\\/\\\/www.arcturius.net\\\/it\\\/#website\"},\"datePublished\":\"2016-11-21T12:37:16+00:00\",\"dateModified\":\"2016-12-13T12:21:58+00:00\",\"breadcrumb\":{\"@id\":\"https:\\\/\\\/www.arcturius.net\\\/it\\\/acquisto-cessione-vendita-azienda\\\/#breadcrumb\"},\"inLanguage\":\"it-IT\",\"potentialAction\":[{\"@type\":\"ReadAction\",\"target\":[\"https:\\\/\\\/www.arcturius.net\\\/it\\\/acquisto-cessione-vendita-azienda\\\/\"]}]},{\"@type\":\"BreadcrumbList\",\"@id\":\"https:\\\/\\\/www.arcturius.net\\\/it\\\/acquisto-cessione-vendita-azienda\\\/#breadcrumb\",\"itemListElement\":[{\"@type\":\"ListItem\",\"position\":1,\"name\":\"Home\",\"item\":\"https:\\\/\\\/www.arcturius.net\\\/it\\\/\"},{\"@type\":\"ListItem\",\"position\":2,\"name\":\"Acquisto e Vendita Aziende\"}]},{\"@type\":\"WebSite\",\"@id\":\"https:\\\/\\\/www.arcturius.net\\\/it\\\/#website\",\"url\":\"https:\\\/\\\/www.arcturius.net\\\/it\\\/\",\"name\":\"Arcturius\",\"description\":\"\",\"publisher\":{\"@id\":\"https:\\\/\\\/www.arcturius.net\\\/it\\\/#organization\"},\"potentialAction\":[{\"@type\":\"SearchAction\",\"target\":{\"@type\":\"EntryPoint\",\"urlTemplate\":\"https:\\\/\\\/www.arcturius.net\\\/it\\\/?s={search_term_string}\"},\"query-input\":{\"@type\":\"PropertyValueSpecification\",\"valueRequired\":true,\"valueName\":\"search_term_string\"}}],\"inLanguage\":\"it-IT\"},{\"@type\":\"Organization\",\"@id\":\"https:\\\/\\\/www.arcturius.net\\\/it\\\/#organization\",\"name\":\"Arcturius\",\"url\":\"https:\\\/\\\/www.arcturius.net\\\/it\\\/\",\"logo\":{\"@type\":\"ImageObject\",\"inLanguage\":\"it-IT\",\"@id\":\"https:\\\/\\\/www.arcturius.net\\\/it\\\/#\\\/schema\\\/logo\\\/image\\\/\",\"url\":\"https:\\\/\\\/www.arcturius.net\\\/wp-content\\\/uploads\\\/2016\\\/09\\\/Arcturius-logo-illustrator-5cm-web.gif\",\"contentUrl\":\"https:\\\/\\\/www.arcturius.net\\\/wp-content\\\/uploads\\\/2016\\\/09\\\/Arcturius-logo-illustrator-5cm-web.gif\",\"width\":127,\"height\":33,\"caption\":\"Arcturius\"},\"image\":{\"@id\":\"https:\\\/\\\/www.arcturius.net\\\/it\\\/#\\\/schema\\\/logo\\\/image\\\/\"},\"sameAs\":[\"https:\\\/\\\/www.linkedin.com\\\/company\\\/arcturius\"]}]}<\/script>\n<!-- \/ Yoast SEO plugin. -->","yoast_head_json":{"title":"Acquisto e Vendita Aziende - Arcturius","robots":{"index":"index","follow":"follow","max-snippet":"max-snippet:-1","max-image-preview":"max-image-preview:large","max-video-preview":"max-video-preview:-1"},"canonical":"https:\/\/www.arcturius.net\/it\/acquisto-cessione-vendita-azienda\/","twitter_misc":{"Tempo di lettura stimato":"6 minutes"},"schema":{"@context":"https:\/\/schema.org","@graph":[{"@type":"WebPage","@id":"https:\/\/www.arcturius.net\/it\/acquisto-cessione-vendita-azienda\/","url":"https:\/\/www.arcturius.net\/it\/acquisto-cessione-vendita-azienda\/","name":"Acquisto e Vendita Aziende - Arcturius","isPartOf":{"@id":"https:\/\/www.arcturius.net\/it\/#website"},"datePublished":"2016-11-21T12:37:16+00:00","dateModified":"2016-12-13T12:21:58+00:00","breadcrumb":{"@id":"https:\/\/www.arcturius.net\/it\/acquisto-cessione-vendita-azienda\/#breadcrumb"},"inLanguage":"it-IT","potentialAction":[{"@type":"ReadAction","target":["https:\/\/www.arcturius.net\/it\/acquisto-cessione-vendita-azienda\/"]}]},{"@type":"BreadcrumbList","@id":"https:\/\/www.arcturius.net\/it\/acquisto-cessione-vendita-azienda\/#breadcrumb","itemListElement":[{"@type":"ListItem","position":1,"name":"Home","item":"https:\/\/www.arcturius.net\/it\/"},{"@type":"ListItem","position":2,"name":"Acquisto e Vendita Aziende"}]},{"@type":"WebSite","@id":"https:\/\/www.arcturius.net\/it\/#website","url":"https:\/\/www.arcturius.net\/it\/","name":"Arcturius","description":"","publisher":{"@id":"https:\/\/www.arcturius.net\/it\/#organization"},"potentialAction":[{"@type":"SearchAction","target":{"@type":"EntryPoint","urlTemplate":"https:\/\/www.arcturius.net\/it\/?s={search_term_string}"},"query-input":{"@type":"PropertyValueSpecification","valueRequired":true,"valueName":"search_term_string"}}],"inLanguage":"it-IT"},{"@type":"Organization","@id":"https:\/\/www.arcturius.net\/it\/#organization","name":"Arcturius","url":"https:\/\/www.arcturius.net\/it\/","logo":{"@type":"ImageObject","inLanguage":"it-IT","@id":"https:\/\/www.arcturius.net\/it\/#\/schema\/logo\/image\/","url":"https:\/\/www.arcturius.net\/wp-content\/uploads\/2016\/09\/Arcturius-logo-illustrator-5cm-web.gif","contentUrl":"https:\/\/www.arcturius.net\/wp-content\/uploads\/2016\/09\/Arcturius-logo-illustrator-5cm-web.gif","width":127,"height":33,"caption":"Arcturius"},"image":{"@id":"https:\/\/www.arcturius.net\/it\/#\/schema\/logo\/image\/"},"sameAs":["https:\/\/www.linkedin.com\/company\/arcturius"]}]}},"_links":{"self":[{"href":"https:\/\/www.arcturius.net\/it\/wp-json\/wp\/v2\/pages\/2231","targetHints":{"allow":["GET"]}}],"collection":[{"href":"https:\/\/www.arcturius.net\/it\/wp-json\/wp\/v2\/pages"}],"about":[{"href":"https:\/\/www.arcturius.net\/it\/wp-json\/wp\/v2\/types\/page"}],"author":[{"embeddable":true,"href":"https:\/\/www.arcturius.net\/it\/wp-json\/wp\/v2\/users\/1"}],"replies":[{"embeddable":true,"href":"https:\/\/www.arcturius.net\/it\/wp-json\/wp\/v2\/comments?post=2231"}],"version-history":[{"count":0,"href":"https:\/\/www.arcturius.net\/it\/wp-json\/wp\/v2\/pages\/2231\/revisions"}],"wp:attachment":[{"href":"https:\/\/www.arcturius.net\/it\/wp-json\/wp\/v2\/media?parent=2231"}],"curies":[{"name":"wp","href":"https:\/\/api.w.org\/{rel}","templated":true}]}}