{"id":2250,"date":"2016-11-24T12:00:10","date_gmt":"2016-11-24T11:00:10","guid":{"rendered":"http:\/\/www.arcturius.net\/it\/?page_id=2250"},"modified":"2017-02-16T16:24:38","modified_gmt":"2017-02-16T15:24:38","slug":"finanziamenti-imprese-difficolta","status":"publish","type":"page","link":"https:\/\/www.arcturius.net\/it\/finanziamenti-imprese-difficolta\/","title":{"rendered":"FINANZIAMENTI AZIENDALI"},"content":{"rendered":"<div class=\"wpb-content-wrapper\"><p>[vc_row][vc_column width=&#8221;1\/2&#8243;][vc_column_text]<\/p>\n<h1>Recercate finanziamenti per la vostra impresa<\/h1>\n<p>[\/vc_column_text][vc_column_text]Siamo esperti nel ottimizzando delle risorse finanziarie delle imprese. Analizziamo la situazione finanziaria della vostra azienda, organizziamo e istituiamo un piano di finanziamento che permetta di far crescere il vostro business. Arcturius <span id=\"result_box\" class=\"short_text\" lang=\"it\"><span class=\"\">non \u00e8<\/span> tuttavia un istituto finanziario.<\/span><\/p>\n<p>Accoppiato con la dinamizzazione della societ\u00e0, la nostra assistenza di ottimizzazione finanziaria vi d\u00e0 l&#8217;opportunit\u00e0 di sviluppare la vostra azienda e risolvere le vostre eventuali difficolt\u00e0 finanziarie. Inoltre la nostra competenza nel finanziamento aziendale aumenta la fiducia degli istituti di credito e le probabilit\u00e0 di ottenere prestiti o fondi. Accanto sono i vari aspetti che riguardano le nostre missioni di accompagnamento nella necessit\u00e0 di finanziamento del vostro business.[\/vc_column_text][\/vc_column][vc_column width=&#8221;1\/2&#8243; offset=&#8221;vc_col-sm-offset-0&#8243;]<div class=\"info-wrapper ult-adjust-bottom-margin\"><div id=\"info-circle-wrapper-6a06e69b8e87c\" data-uniqid=\"6a06e69b8e87c\" class=\"info-circle-wrapper  info-circle-responsive \" data-half-percentage=\"70\" data-circle-type=\"full-circle\"><div class=\"info-c-full-br\" style='width:70%;opacity:0;' data-start-degree=\"90\" data-divert=\"\" data-info-circle-angle=\"full\" data-responsive-circle=\"on\" data-responsive-breakpoint=\"750\" data-launch=\"linear\" data-launch-duration=\"1\" data-launch-delay=\"0.2\" data-slide-true=\"on\" data-slide-duration=\"5\" data-icon-size=\"30\" data-icon-show=\"show\" data-icon-show-size=\"32\" data-highlight-style=\"info-circle-pop\" data-focus-on=\"hover\"><div  class=\"icon-circle-list\"><div class=\"info-circle-icons \" style=\"background:#f4ba5d;\" ><i class=\"Defaults-search info-circle-icon\" ><\/i><\/div><div class=\"info-details\" data-icon-class=\"ult-info-circle-icon\"><div class=\"info-circle-def\"><div  class=\"info-circle-sub-def\"><i class=\"Defaults-search info-circle-icon\" ><\/i><div class=\"responsive-font-class ult-responsive\" ><h3  data-ultimate-target='#info-cirlce-wrap-7997 .responsive-font-class h3.new-cust-responsive-class'  data-responsive-json-new='{\"font-size\":\"\",\"line-height\":\"\"}'  class=\"info-circle-heading ult-responsive new-cust-responsive-class\" style=\"font-weight:normal;\">Piano finanziario<\/h3><div  class=\"info-circle-text \" style=\"font-weight:normal;\">Analizziamo e implementare le megliori soluzioni finanziarie adeguate alla situazione della vostra azienda.<\/div><\/div><\/div><\/div><\/div><div class=\"info-circle-icons \" style=\"background:#f4ba5d;\" ><i class=\"Defaults-database info-circle-icon\" ><\/i><\/div><div class=\"info-details\" data-icon-class=\"ult-info-circle-icon\"><div class=\"info-circle-def\"><div  class=\"info-circle-sub-def\"><i class=\"Defaults-database info-circle-icon\" ><\/i><div class=\"responsive-font-class ult-responsive\" ><h3  data-ultimate-target='#info-cirlce-wrap-7997 .responsive-font-class h3.new-cust-responsive-class'  data-responsive-json-new='{\"font-size\":\"\",\"line-height\":\"\"}'  class=\"info-circle-heading ult-responsive new-cust-responsive-class\" style=\"font-weight:normal;\">Nuovi finanziamenti<\/h3><div  class=\"info-circle-text \" style=\"font-weight:normal;\">Vi assistiamo nella ricerca di crediti bancari, crowdfunding, sovvenzioni &#8230;<\/div><\/div><\/div><\/div><\/div><div class=\"info-circle-icons \" style=\"background:#f4ba5d;\" ><i class=\"Defaults-star info-circle-icon\" ><\/i><\/div><div class=\"info-details\" data-icon-class=\"ult-info-circle-icon\"><div class=\"info-circle-def\"><div  class=\"info-circle-sub-def\"><i class=\"Defaults-star info-circle-icon\" ><\/i><div class=\"responsive-font-class ult-responsive\" ><h3  data-ultimate-target='#info-cirlce-wrap-7997 .responsive-font-class h3.new-cust-responsive-class'  data-responsive-json-new='{\"font-size\":\"\",\"line-height\":\"\"}'  class=\"info-circle-heading ult-responsive new-cust-responsive-class\" style=\"font-weight:normal;\">Rafforziamento patrimoniale<\/h3><div  class=\"info-circle-text \" style=\"font-weight:normal;\">Se necessario, portiamo la vostra societ\u00e0 in un fondo comune di investimento o in borsa<\/div><\/div><\/div><\/div><\/div><div class=\"info-circle-icons \" style=\"background:#f4ba5d;\" ><i class=\"Defaults-comments-o info-circle-icon\" ><\/i><\/div><div class=\"info-details\" data-icon-class=\"ult-info-circle-icon\"><div class=\"info-circle-def\"><div  class=\"info-circle-sub-def\"><i class=\"Defaults-comments-o info-circle-icon\" ><\/i><div class=\"responsive-font-class ult-responsive\" ><h3  data-ultimate-target='#info-cirlce-wrap-7997 .responsive-font-class h3.new-cust-responsive-class'  data-responsive-json-new='{\"font-size\":\"\",\"line-height\":\"\"}'  class=\"info-circle-heading ult-responsive new-cust-responsive-class\" style=\"font-weight:normal;\">Negoziazione di successo<\/h3><div  class=\"info-circle-text \" style=\"font-weight:normal;\">Le nostre competenze ed esperienze portano fiducia e persuasione nei negoziati.<\/div><\/div><\/div><\/div><\/div><div class=\"info-circle-icons \" style=\"background:#f4ba5d;\" ><i class=\"Defaults-bank institution university info-circle-icon\" ><\/i><\/div><div class=\"info-details\" data-icon-class=\"ult-info-circle-icon\"><div class=\"info-circle-def\"><div  class=\"info-circle-sub-def\"><i class=\"Defaults-bank institution university info-circle-icon\" ><\/i><div class=\"responsive-font-class ult-responsive\" ><h3  data-ultimate-target='#info-cirlce-wrap-7997 .responsive-font-class h3.new-cust-responsive-class'  data-responsive-json-new='{\"font-size\":\"\",\"line-height\":\"\"}'  class=\"info-circle-heading ult-responsive new-cust-responsive-class\" style=\"font-weight:normal;\">Servizi legali<\/h3><div  class=\"info-circle-text \" style=\"font-weight:normal;\">Monitoriamo il finanziamento del&#8217;impresa o del progetto legalmente.<\/div><\/div><\/div><\/div><\/div><div class=\"info-circle-icons \" style=\"background:#f4ba5d;\" ><i class=\"Defaults-check info-circle-icon\" ><\/i><\/div><div class=\"info-details\" data-icon-class=\"ult-info-circle-icon\"><div class=\"info-circle-def\"><div  class=\"info-circle-sub-def\"><i class=\"Defaults-check info-circle-icon\" ><\/i><div class=\"responsive-font-class ult-responsive\" ><h3  data-ultimate-target='#info-cirlce-wrap-7997 .responsive-font-class h3.new-cust-responsive-class'  data-responsive-json-new='{\"font-size\":\"\",\"line-height\":\"\"}'  class=\"info-circle-heading ult-responsive new-cust-responsive-class\" style=\"font-weight:normal;\">Organizzazione &amp; Aministrazione<\/h3><div  class=\"info-circle-text \" style=\"font-weight:normal;\">Ci impegniamo affinche il vostro finanziamento sia un successo.<\/div><\/div><\/div><\/div><\/div><\/div><div id=\"info-cirlce-wrap-7997\" class=\"info-c-full\" style=\"border:2px solid #adadad;background-color:#f49805;color:;width:80%;height:80%;margin:10%;\"><div class=\"info-c-full-wrap\"><\/div><\/div><\/div><div class=\"smile_icon_list_wrap \" data-content_bg=\"#f49805\" data-content_color=\"\">\n\t\t\t\t\t\t\t<ul id=\"info-cirlce-wrap-7997\" class=\"smile_icon_list left circle with_bg\"><li class=\"icon_list_item\" style=\"font-size:90px;\">\n\t\t\t\t\t\t\t\t\t<div class=\"icon_list_icon\" style=\"font-size:30px;width:30px;height:30px;line-height:1;\">\n\t\t\t\t\t\t\t\t\t\t<i class=\"smt-pencil\"><\/i>\n\t\t\t\t\t\t\t\t\t<\/div>\n\t\t\t\t\t\t\t\t\t<div  class=\"icon_description\" style=\"font-size:30px;\">\n\t\t\t\t\t\t\t\t\t\t<div class=\"responsive-font-class ult-responsive\"  data-ultimate-target='#info-cirlce-wrap-7997 .responsive-font-class *'  data-responsive-json-new='{\"font-size\":\"\",\"line-height\":\"\"}'  style=\"font-weight:normal;\">\n\t\t\t\t\t\t\t\t\t\t\t<h3  data-ultimate-target='#info-cirlce-wrap-7997 .responsive-font-class h3.new-cust-responsive-class'  data-responsive-json-new='{\"font-size\":\"\",\"line-height\":\"\"}'  class=\"ult-responsive new-cust-responsive-class\" style=\"font-weight:normal;\"><\/h3>\n\t\t\t\t\t\t\t\t\t\t\t<p><\/p>\n\t\t\t\t\t\t\t\t\t\t<\/div>\n\t\t\t\t\t\t\t\t\t<\/div>\n\t\t\t\t\t\t\t\t\t<div class=\"icon_list_connector\" style=\" border-style:none;border-color:; left:15px; top:30px;\">\n\t\t\t\t\t\t\t\t\t<\/div><\/li><\/ul>\n\t\t\t\t\t\t<\/div><\/div><\/div>[\/vc_column][\/vc_row]<\/p>\n<\/div>","protected":false},"excerpt":{"rendered":"<p>[vc_row][vc_column width=&#8221;1\/2&#8243;][vc_column_text] Recercate finanziamenti per la vostra impresa [\/vc_column_text][vc_column_text]Siamo esperti nel ottimizzando delle risorse finanziarie delle imprese. Analizziamo la situazione finanziaria della vostra azienda, organizziamo e istituiamo un piano di finanziamento che permetta di far crescere il vostro business. Arcturius non \u00e8 tuttavia un istituto finanziario. Accoppiato con la dinamizzazione della societ\u00e0, la nostra assistenza&hellip;<\/p>\n","protected":false},"author":1,"featured_media":0,"parent":0,"menu_order":0,"comment_status":"closed","ping_status":"closed","template":"","meta":{"footnotes":""},"class_list":["post-2250","page","type-page","status-publish","hentry","description-off"],"yoast_head":"<!-- This site is optimized with the Yoast SEO plugin v27.6 - https:\/\/yoast.com\/product\/yoast-seo-wordpress\/ -->\n<title>Finanziamento Imprese Difficolt\u00e0 - Ottimizazione finanziaria<\/title>\n<meta name=\"description\" content=\"Finanziamento progetti o imprese in difficolt\u00e0 finanziaria - Sviluppo piani finanziari e megliori soluzioni finanziarie. Aiuto stabilire piani finanziari.\" \/>\n<meta name=\"robots\" content=\"index, follow, max-snippet:-1, max-image-preview:large, max-video-preview:-1\" \/>\n<link rel=\"canonical\" href=\"https:\/\/www.arcturius.net\/it\/finanziamenti-imprese-difficolta\/\" \/>\n<meta name=\"twitter:label1\" content=\"Tempo di lettura stimato\" \/>\n\t<meta name=\"twitter:data1\" content=\"2 minutes\" \/>\n<script type=\"application\/ld+json\" class=\"yoast-schema-graph\">{\"@context\":\"https:\\\/\\\/schema.org\",\"@graph\":[{\"@type\":\"WebPage\",\"@id\":\"https:\\\/\\\/www.arcturius.net\\\/it\\\/finanziamenti-imprese-difficolta\\\/\",\"url\":\"https:\\\/\\\/www.arcturius.net\\\/it\\\/finanziamenti-imprese-difficolta\\\/\",\"name\":\"Finanziamento Imprese Difficolt\u00e0 - Ottimizazione finanziaria\",\"isPartOf\":{\"@id\":\"https:\\\/\\\/www.arcturius.net\\\/it\\\/#website\"},\"datePublished\":\"2016-11-24T11:00:10+00:00\",\"dateModified\":\"2017-02-16T15:24:38+00:00\",\"description\":\"Finanziamento progetti o imprese in difficolt\u00e0 finanziaria - Sviluppo piani finanziari e megliori soluzioni finanziarie. Aiuto stabilire piani finanziari.\",\"breadcrumb\":{\"@id\":\"https:\\\/\\\/www.arcturius.net\\\/it\\\/finanziamenti-imprese-difficolta\\\/#breadcrumb\"},\"inLanguage\":\"it-IT\",\"potentialAction\":[{\"@type\":\"ReadAction\",\"target\":[\"https:\\\/\\\/www.arcturius.net\\\/it\\\/finanziamenti-imprese-difficolta\\\/\"]}]},{\"@type\":\"BreadcrumbList\",\"@id\":\"https:\\\/\\\/www.arcturius.net\\\/it\\\/finanziamenti-imprese-difficolta\\\/#breadcrumb\",\"itemListElement\":[{\"@type\":\"ListItem\",\"position\":1,\"name\":\"Home\",\"item\":\"https:\\\/\\\/www.arcturius.net\\\/it\\\/\"},{\"@type\":\"ListItem\",\"position\":2,\"name\":\"FINANZIAMENTI AZIENDALI\"}]},{\"@type\":\"WebSite\",\"@id\":\"https:\\\/\\\/www.arcturius.net\\\/it\\\/#website\",\"url\":\"https:\\\/\\\/www.arcturius.net\\\/it\\\/\",\"name\":\"Arcturius\",\"description\":\"\",\"publisher\":{\"@id\":\"https:\\\/\\\/www.arcturius.net\\\/it\\\/#organization\"},\"potentialAction\":[{\"@type\":\"SearchAction\",\"target\":{\"@type\":\"EntryPoint\",\"urlTemplate\":\"https:\\\/\\\/www.arcturius.net\\\/it\\\/?s={search_term_string}\"},\"query-input\":{\"@type\":\"PropertyValueSpecification\",\"valueRequired\":true,\"valueName\":\"search_term_string\"}}],\"inLanguage\":\"it-IT\"},{\"@type\":\"Organization\",\"@id\":\"https:\\\/\\\/www.arcturius.net\\\/it\\\/#organization\",\"name\":\"Arcturius\",\"url\":\"https:\\\/\\\/www.arcturius.net\\\/it\\\/\",\"logo\":{\"@type\":\"ImageObject\",\"inLanguage\":\"it-IT\",\"@id\":\"https:\\\/\\\/www.arcturius.net\\\/it\\\/#\\\/schema\\\/logo\\\/image\\\/\",\"url\":\"https:\\\/\\\/www.arcturius.net\\\/wp-content\\\/uploads\\\/2016\\\/09\\\/Arcturius-logo-illustrator-5cm-web.gif\",\"contentUrl\":\"https:\\\/\\\/www.arcturius.net\\\/wp-content\\\/uploads\\\/2016\\\/09\\\/Arcturius-logo-illustrator-5cm-web.gif\",\"width\":127,\"height\":33,\"caption\":\"Arcturius\"},\"image\":{\"@id\":\"https:\\\/\\\/www.arcturius.net\\\/it\\\/#\\\/schema\\\/logo\\\/image\\\/\"},\"sameAs\":[\"https:\\\/\\\/www.linkedin.com\\\/company\\\/arcturius\"]}]}<\/script>\n<!-- \/ Yoast SEO plugin. -->","yoast_head_json":{"title":"Finanziamento Imprese Difficolt\u00e0 - Ottimizazione finanziaria","description":"Finanziamento progetti o imprese in difficolt\u00e0 finanziaria - Sviluppo piani finanziari e megliori soluzioni finanziarie. Aiuto stabilire piani finanziari.","robots":{"index":"index","follow":"follow","max-snippet":"max-snippet:-1","max-image-preview":"max-image-preview:large","max-video-preview":"max-video-preview:-1"},"canonical":"https:\/\/www.arcturius.net\/it\/finanziamenti-imprese-difficolta\/","twitter_misc":{"Tempo di lettura stimato":"2 minutes"},"schema":{"@context":"https:\/\/schema.org","@graph":[{"@type":"WebPage","@id":"https:\/\/www.arcturius.net\/it\/finanziamenti-imprese-difficolta\/","url":"https:\/\/www.arcturius.net\/it\/finanziamenti-imprese-difficolta\/","name":"Finanziamento Imprese Difficolt\u00e0 - Ottimizazione finanziaria","isPartOf":{"@id":"https:\/\/www.arcturius.net\/it\/#website"},"datePublished":"2016-11-24T11:00:10+00:00","dateModified":"2017-02-16T15:24:38+00:00","description":"Finanziamento progetti o imprese in difficolt\u00e0 finanziaria - Sviluppo piani finanziari e megliori soluzioni finanziarie. Aiuto stabilire piani finanziari.","breadcrumb":{"@id":"https:\/\/www.arcturius.net\/it\/finanziamenti-imprese-difficolta\/#breadcrumb"},"inLanguage":"it-IT","potentialAction":[{"@type":"ReadAction","target":["https:\/\/www.arcturius.net\/it\/finanziamenti-imprese-difficolta\/"]}]},{"@type":"BreadcrumbList","@id":"https:\/\/www.arcturius.net\/it\/finanziamenti-imprese-difficolta\/#breadcrumb","itemListElement":[{"@type":"ListItem","position":1,"name":"Home","item":"https:\/\/www.arcturius.net\/it\/"},{"@type":"ListItem","position":2,"name":"FINANZIAMENTI AZIENDALI"}]},{"@type":"WebSite","@id":"https:\/\/www.arcturius.net\/it\/#website","url":"https:\/\/www.arcturius.net\/it\/","name":"Arcturius","description":"","publisher":{"@id":"https:\/\/www.arcturius.net\/it\/#organization"},"potentialAction":[{"@type":"SearchAction","target":{"@type":"EntryPoint","urlTemplate":"https:\/\/www.arcturius.net\/it\/?s={search_term_string}"},"query-input":{"@type":"PropertyValueSpecification","valueRequired":true,"valueName":"search_term_string"}}],"inLanguage":"it-IT"},{"@type":"Organization","@id":"https:\/\/www.arcturius.net\/it\/#organization","name":"Arcturius","url":"https:\/\/www.arcturius.net\/it\/","logo":{"@type":"ImageObject","inLanguage":"it-IT","@id":"https:\/\/www.arcturius.net\/it\/#\/schema\/logo\/image\/","url":"https:\/\/www.arcturius.net\/wp-content\/uploads\/2016\/09\/Arcturius-logo-illustrator-5cm-web.gif","contentUrl":"https:\/\/www.arcturius.net\/wp-content\/uploads\/2016\/09\/Arcturius-logo-illustrator-5cm-web.gif","width":127,"height":33,"caption":"Arcturius"},"image":{"@id":"https:\/\/www.arcturius.net\/it\/#\/schema\/logo\/image\/"},"sameAs":["https:\/\/www.linkedin.com\/company\/arcturius"]}]}},"_links":{"self":[{"href":"https:\/\/www.arcturius.net\/it\/wp-json\/wp\/v2\/pages\/2250","targetHints":{"allow":["GET"]}}],"collection":[{"href":"https:\/\/www.arcturius.net\/it\/wp-json\/wp\/v2\/pages"}],"about":[{"href":"https:\/\/www.arcturius.net\/it\/wp-json\/wp\/v2\/types\/page"}],"author":[{"embeddable":true,"href":"https:\/\/www.arcturius.net\/it\/wp-json\/wp\/v2\/users\/1"}],"replies":[{"embeddable":true,"href":"https:\/\/www.arcturius.net\/it\/wp-json\/wp\/v2\/comments?post=2250"}],"version-history":[{"count":0,"href":"https:\/\/www.arcturius.net\/it\/wp-json\/wp\/v2\/pages\/2250\/revisions"}],"wp:attachment":[{"href":"https:\/\/www.arcturius.net\/it\/wp-json\/wp\/v2\/media?parent=2250"}],"curies":[{"name":"wp","href":"https:\/\/api.w.org\/{rel}","templated":true}]}}