{"id":2264,"date":"2016-11-25T11:35:36","date_gmt":"2016-11-25T10:35:36","guid":{"rendered":"http:\/\/www.arcturius.net\/it\/?page_id=2264"},"modified":"2016-12-13T13:56:48","modified_gmt":"2016-12-13T12:56:48","slug":"come-investire-oggi","status":"publish","type":"page","link":"https:\/\/www.arcturius.net\/it\/come-investire-oggi\/","title":{"rendered":"COME INVESTIRE OGGI"},"content":{"rendered":"<div class=\"wpb-content-wrapper\"><p>[vc_row type=&#8221;vc_default&#8221; full_width=&#8221;stretch_row&#8221; el_id=&#8221;come-investire-100000-euro&#8221;][vc_column][vc_column_text]<\/p>\n<h2 style=\"text-align: center;\">Investimento Finaziario<\/h2>\n<h4 style=\"text-align: center;\">Investire al vostro proprio ritmo nelle imprese<\/h4>\n<p>[\/vc_column_text][\/vc_column][\/vc_row][vc_row type=&#8221;vc_default&#8221; full_width=&#8221;stretch_row&#8221;][vc_column width=&#8221;1\/4&#8243;][vc_single_image image=&#8221;1530&#8243; img_size=&#8221;medium&#8221; css_animation=&#8221;fadeInUp&#8221;][\/vc_column][vc_column width=&#8221;3\/4&#8243;][vc_column_text]Nell&#8217;ambito delle nostre missioni di sostegno alle imprese, si incontrano ottime opportunit\u00e0 finanziarie di investimento che condividiamo con i nostri partner finanziari: individui, istituzioni di investimento, banche d&#8217;investimento o business angels.<\/p>\n<h4>Diventare partner<\/h4>\n<p>Se anche voi volete essere un attore dello sviluppo economico, nel breve, medio o lungo periodo, non esitate a contattarci. Condivideremo le nostre <a href=\"http:\/\/www.arcturius.net\/it\/contattare\/\">opportunit\u00e0 di investimento e gli investimenti in corso<\/a>.[\/vc_column_text][\/vc_column][\/vc_row][vc_row type=&#8221;vc_default&#8221; full_width=&#8221;stretch_row&#8221; bg_type=&#8221;bg_color&#8221; bg_override=&#8221;full&#8221; css=&#8221;.vc_custom_1480003745288{margin-top: 30px !important;}&#8221; bg_color_value=&#8221;#fcf1e3&#8243; el_id=&#8221;come-investire-500000-euro&#8221;][vc_column][vc_column_text css=&#8221;.vc_custom_1480687349216{margin-top: 5px !important;}&#8221;]<\/p>\n<h2 style=\"text-align: center;\">Investimento Immobiliario<\/h2>\n<h4 style=\"text-align: center;\">In un progetto o impresa<\/h4>\n<p>[\/vc_column_text][\/vc_column][\/vc_row][vc_row type=&#8221;vc_default&#8221; full_width=&#8221;stretch_row&#8221; bg_type=&#8221;bg_color&#8221; bg_override=&#8221;full&#8221; bg_color_value=&#8221;#fcf1e3&#8243; css=&#8221;.vc_custom_1476277958525{margin-top: -10px !important;}&#8221;][vc_column width=&#8221;1\/4&#8243;][vc_single_image image=&#8221;1918&#8243; img_size=&#8221;medium&#8221; css_animation=&#8221;fadeInUp&#8221;][\/vc_column][vc_column width=&#8221;3\/4&#8243;][vc_column_text]Investire in un&#8217;impresa commerciale o in un progetto immobiliare \u00e8 partecipare aqualcosa di concreto. Un progetto che si pu\u00f2 vedere evolvere e che partecipa all&#8217;attivit\u00e0 economica. Sia per un importo piccolo o grande, \u00e8 possibile partecipare ai nostri progetti in diversi paesi e diversi settori economici.<\/p>\n<p>I nostri progetti sono confidenziali, vi invitiamo a contattarci e vi comunicheremo personalmente informazioni sulle nostre <a href=\"http:\/\/www.arcturius.net\/it\/contattare\/\">opportunit\u00e0 di investimento<\/a> in corso.[\/vc_column_text][\/vc_column][\/vc_row][vc_row type=&#8221;vc_default&#8221; full_width=&#8221;stretch_row&#8221; bg_type=&#8221;bg_color&#8221; bg_override=&#8221;full&#8221; css=&#8221;.vc_custom_1476276778863{margin-top: 30px !important;}&#8221;][vc_column][vc_column_text css=&#8221;.vc_custom_1480070778265{margin-top: 5px !important;}&#8221;]<\/p>\n<h2 style=\"text-align: center;\">LA NOSTRA COMPETENZA E IL VOSTRO VANTAGGIO<\/h2>\n<p>[\/vc_column_text][\/vc_column][\/vc_row][vc_row type=&#8221;vc_default&#8221; full_width=&#8221;stretch_row&#8221; equal_height=&#8221;yes&#8221;][vc_column width=&#8221;1\/3&#8243;][vc_cta h2=&#8221;Beneficiare di oltre 25 anni di esperienza&#8221; txt_align=&#8221;center&#8221; shape=&#8221;square&#8221; style=&#8221;flat&#8221; add_icon=&#8221;top&#8221; i_icon_fontawesome=&#8221;fa fa-trophy&#8221; i_color=&#8221;custom&#8221; i_background_style=&#8221;rounded&#8221; i_background_color=&#8221;custom&#8221; css_animation=&#8221;bottom-to-top&#8221; i_on_border=&#8221;true&#8221; i_custom_color=&#8221;#ffffff&#8221; i_custom_background_color=&#8221;#394652&#8243;]<\/p>\n<div class=\"vc_cta3_content-container\">\n<div class=\"vc_cta3-content\">Offriamo investimenti nell&#8217; nostra rete internazionale che ci segue da oltre 25 anni. Sia per investire una piccola o grande quantit\u00e0 di denaro garantiamo seriet\u00e0 e trasparenza.<\/div>\n<\/div>\n<p>[\/vc_cta][\/vc_column][vc_column width=&#8221;1\/3&#8243;][vc_cta h2=&#8221;Il buon padre di famiglia&#8221; txt_align=&#8221;center&#8221; shape=&#8221;square&#8221; style=&#8221;flat&#8221; add_icon=&#8221;top&#8221; i_icon_fontawesome=&#8221;fa fa-calculator&#8221; i_color=&#8221;custom&#8221; i_background_style=&#8221;rounded&#8221; i_background_color=&#8221;custom&#8221; css_animation=&#8221;bottom-to-top&#8221; i_on_border=&#8221;true&#8221; i_custom_color=&#8221;#ffffff&#8221; i_custom_background_color=&#8221;#394652&#8243;]<\/p>\n<div class=\"vc_cta3_content-container\">\n<div class=\"vc_cta3-content\">\n<p>Investire richiede un&#8217;attenta valutazione. L&#8217;analisi della redditivit\u00e0 di un progetto o di una societ\u00e0, del mercato e delle sue potenziali \u00e8 affidata ai nostri esperti che vi propongono di investire con la logica del buon padre di famiglia.<\/p>\n<\/div>\n<\/div>\n<p>[\/vc_cta][\/vc_column][vc_column width=&#8221;1\/3&#8243;][vc_cta h2=&#8221;Come investire oggi con Arcturius ?&#8221; txt_align=&#8221;center&#8221; shape=&#8221;square&#8221; style=&#8221;flat&#8221; add_button=&#8221;bottom&#8221; btn_title=&#8221;INVESTIRE OGGI&#8221; btn_style=&#8221;flat&#8221; btn_shape=&#8221;square&#8221; btn_color=&#8221;inverse&#8221; btn_size=&#8221;lg&#8221; btn_align=&#8221;center&#8221; add_icon=&#8221;top&#8221; i_icon_fontawesome=&#8221;fa fa-pencil-square-o&#8221; i_color=&#8221;custom&#8221; i_background_style=&#8221;rounded&#8221; i_background_color=&#8221;custom&#8221; css_animation=&#8221;bottom-to-top&#8221; btn_custom_onclick=&#8221;true&#8221; btn_smooth_scroll=&#8221;true&#8221; i_on_border=&#8221;true&#8221; i_custom_color=&#8221;#ffffff&#8221; i_custom_background_color=&#8221;#394652&#8243; btn_link=&#8221;url:http%3A%2F%2Fwww.arcturius.net%2Fit%2Fcontattare%2F%23consulenza-strategica-aziendale|title:come%20investire%20oggi||&#8221;]<\/p>\n<div class=\"vc_cta3_content-container\">\n<div class=\"vc_cta3-content\">\n<p>Volete fare un investimento in un progetto o un&#8217;impresa e volete essere informati delle possibilit\u00e0 di investimenti con Arcturius.<\/p>\n<\/div>\n<\/div>\n<p>[\/vc_cta][\/vc_column][\/vc_row]<\/p>\n<\/div>","protected":false},"excerpt":{"rendered":"<p>[vc_row type=&#8221;vc_default&#8221; full_width=&#8221;stretch_row&#8221; el_id=&#8221;come-investire-100000-euro&#8221;][vc_column][vc_column_text] Investimento Finaziario Investire al vostro proprio ritmo nelle imprese [\/vc_column_text][\/vc_column][\/vc_row][vc_row type=&#8221;vc_default&#8221; full_width=&#8221;stretch_row&#8221;][vc_column width=&#8221;1\/4&#8243;][vc_single_image image=&#8221;1530&#8243; img_size=&#8221;medium&#8221; css_animation=&#8221;fadeInUp&#8221;][\/vc_column][vc_column width=&#8221;3\/4&#8243;][vc_column_text]Nell&#8217;ambito delle nostre missioni di sostegno alle imprese, si incontrano ottime opportunit\u00e0 finanziarie di investimento che condividiamo con i nostri partner finanziari: individui, istituzioni di investimento, banche d&#8217;investimento o business angels. Diventare partner Se anche&hellip;<\/p>\n","protected":false},"author":1,"featured_media":0,"parent":0,"menu_order":0,"comment_status":"closed","ping_status":"closed","template":"","meta":{"footnotes":""},"class_list":["post-2264","page","type-page","status-publish","hentry","description-off"],"yoast_head":"<!-- This site is optimized with the Yoast SEO plugin v27.4 - https:\/\/yoast.com\/product\/yoast-seo-wordpress\/ -->\n<title>COME INVESTIRE OGGI - Arcturius<\/title>\n<meta name=\"robots\" content=\"index, follow, max-snippet:-1, max-image-preview:large, max-video-preview:-1\" \/>\n<link rel=\"canonical\" href=\"https:\/\/www.arcturius.net\/it\/come-investire-oggi\/\" \/>\n<meta name=\"twitter:label1\" content=\"Tempo di lettura stimato\" \/>\n\t<meta name=\"twitter:data1\" content=\"3 minutes\" \/>\n<script type=\"application\/ld+json\" class=\"yoast-schema-graph\">{\"@context\":\"https:\\\/\\\/schema.org\",\"@graph\":[{\"@type\":\"WebPage\",\"@id\":\"https:\\\/\\\/www.arcturius.net\\\/it\\\/come-investire-oggi\\\/\",\"url\":\"https:\\\/\\\/www.arcturius.net\\\/it\\\/come-investire-oggi\\\/\",\"name\":\"COME INVESTIRE OGGI - Arcturius\",\"isPartOf\":{\"@id\":\"https:\\\/\\\/www.arcturius.net\\\/it\\\/#website\"},\"datePublished\":\"2016-11-25T10:35:36+00:00\",\"dateModified\":\"2016-12-13T12:56:48+00:00\",\"breadcrumb\":{\"@id\":\"https:\\\/\\\/www.arcturius.net\\\/it\\\/come-investire-oggi\\\/#breadcrumb\"},\"inLanguage\":\"it-IT\",\"potentialAction\":[{\"@type\":\"ReadAction\",\"target\":[\"https:\\\/\\\/www.arcturius.net\\\/it\\\/come-investire-oggi\\\/\"]}]},{\"@type\":\"BreadcrumbList\",\"@id\":\"https:\\\/\\\/www.arcturius.net\\\/it\\\/come-investire-oggi\\\/#breadcrumb\",\"itemListElement\":[{\"@type\":\"ListItem\",\"position\":1,\"name\":\"Home\",\"item\":\"https:\\\/\\\/www.arcturius.net\\\/it\\\/\"},{\"@type\":\"ListItem\",\"position\":2,\"name\":\"COME INVESTIRE OGGI\"}]},{\"@type\":\"WebSite\",\"@id\":\"https:\\\/\\\/www.arcturius.net\\\/it\\\/#website\",\"url\":\"https:\\\/\\\/www.arcturius.net\\\/it\\\/\",\"name\":\"Arcturius\",\"description\":\"\",\"publisher\":{\"@id\":\"https:\\\/\\\/www.arcturius.net\\\/it\\\/#organization\"},\"potentialAction\":[{\"@type\":\"SearchAction\",\"target\":{\"@type\":\"EntryPoint\",\"urlTemplate\":\"https:\\\/\\\/www.arcturius.net\\\/it\\\/?s={search_term_string}\"},\"query-input\":{\"@type\":\"PropertyValueSpecification\",\"valueRequired\":true,\"valueName\":\"search_term_string\"}}],\"inLanguage\":\"it-IT\"},{\"@type\":\"Organization\",\"@id\":\"https:\\\/\\\/www.arcturius.net\\\/it\\\/#organization\",\"name\":\"Arcturius\",\"url\":\"https:\\\/\\\/www.arcturius.net\\\/it\\\/\",\"logo\":{\"@type\":\"ImageObject\",\"inLanguage\":\"it-IT\",\"@id\":\"https:\\\/\\\/www.arcturius.net\\\/it\\\/#\\\/schema\\\/logo\\\/image\\\/\",\"url\":\"https:\\\/\\\/www.arcturius.net\\\/wp-content\\\/uploads\\\/2016\\\/09\\\/Arcturius-logo-illustrator-5cm-web.gif\",\"contentUrl\":\"https:\\\/\\\/www.arcturius.net\\\/wp-content\\\/uploads\\\/2016\\\/09\\\/Arcturius-logo-illustrator-5cm-web.gif\",\"width\":127,\"height\":33,\"caption\":\"Arcturius\"},\"image\":{\"@id\":\"https:\\\/\\\/www.arcturius.net\\\/it\\\/#\\\/schema\\\/logo\\\/image\\\/\"},\"sameAs\":[\"https:\\\/\\\/www.linkedin.com\\\/company\\\/arcturius\"]}]}<\/script>\n<!-- \/ Yoast SEO plugin. -->","yoast_head_json":{"title":"COME INVESTIRE OGGI - Arcturius","robots":{"index":"index","follow":"follow","max-snippet":"max-snippet:-1","max-image-preview":"max-image-preview:large","max-video-preview":"max-video-preview:-1"},"canonical":"https:\/\/www.arcturius.net\/it\/come-investire-oggi\/","twitter_misc":{"Tempo di lettura stimato":"3 minutes"},"schema":{"@context":"https:\/\/schema.org","@graph":[{"@type":"WebPage","@id":"https:\/\/www.arcturius.net\/it\/come-investire-oggi\/","url":"https:\/\/www.arcturius.net\/it\/come-investire-oggi\/","name":"COME INVESTIRE OGGI - Arcturius","isPartOf":{"@id":"https:\/\/www.arcturius.net\/it\/#website"},"datePublished":"2016-11-25T10:35:36+00:00","dateModified":"2016-12-13T12:56:48+00:00","breadcrumb":{"@id":"https:\/\/www.arcturius.net\/it\/come-investire-oggi\/#breadcrumb"},"inLanguage":"it-IT","potentialAction":[{"@type":"ReadAction","target":["https:\/\/www.arcturius.net\/it\/come-investire-oggi\/"]}]},{"@type":"BreadcrumbList","@id":"https:\/\/www.arcturius.net\/it\/come-investire-oggi\/#breadcrumb","itemListElement":[{"@type":"ListItem","position":1,"name":"Home","item":"https:\/\/www.arcturius.net\/it\/"},{"@type":"ListItem","position":2,"name":"COME INVESTIRE OGGI"}]},{"@type":"WebSite","@id":"https:\/\/www.arcturius.net\/it\/#website","url":"https:\/\/www.arcturius.net\/it\/","name":"Arcturius","description":"","publisher":{"@id":"https:\/\/www.arcturius.net\/it\/#organization"},"potentialAction":[{"@type":"SearchAction","target":{"@type":"EntryPoint","urlTemplate":"https:\/\/www.arcturius.net\/it\/?s={search_term_string}"},"query-input":{"@type":"PropertyValueSpecification","valueRequired":true,"valueName":"search_term_string"}}],"inLanguage":"it-IT"},{"@type":"Organization","@id":"https:\/\/www.arcturius.net\/it\/#organization","name":"Arcturius","url":"https:\/\/www.arcturius.net\/it\/","logo":{"@type":"ImageObject","inLanguage":"it-IT","@id":"https:\/\/www.arcturius.net\/it\/#\/schema\/logo\/image\/","url":"https:\/\/www.arcturius.net\/wp-content\/uploads\/2016\/09\/Arcturius-logo-illustrator-5cm-web.gif","contentUrl":"https:\/\/www.arcturius.net\/wp-content\/uploads\/2016\/09\/Arcturius-logo-illustrator-5cm-web.gif","width":127,"height":33,"caption":"Arcturius"},"image":{"@id":"https:\/\/www.arcturius.net\/it\/#\/schema\/logo\/image\/"},"sameAs":["https:\/\/www.linkedin.com\/company\/arcturius"]}]}},"_links":{"self":[{"href":"https:\/\/www.arcturius.net\/it\/wp-json\/wp\/v2\/pages\/2264","targetHints":{"allow":["GET"]}}],"collection":[{"href":"https:\/\/www.arcturius.net\/it\/wp-json\/wp\/v2\/pages"}],"about":[{"href":"https:\/\/www.arcturius.net\/it\/wp-json\/wp\/v2\/types\/page"}],"author":[{"embeddable":true,"href":"https:\/\/www.arcturius.net\/it\/wp-json\/wp\/v2\/users\/1"}],"replies":[{"embeddable":true,"href":"https:\/\/www.arcturius.net\/it\/wp-json\/wp\/v2\/comments?post=2264"}],"version-history":[{"count":0,"href":"https:\/\/www.arcturius.net\/it\/wp-json\/wp\/v2\/pages\/2264\/revisions"}],"wp:attachment":[{"href":"https:\/\/www.arcturius.net\/it\/wp-json\/wp\/v2\/media?parent=2264"}],"curies":[{"name":"wp","href":"https:\/\/api.w.org\/{rel}","templated":true}]}}