{"id":2407,"date":"2016-12-01T13:32:19","date_gmt":"2016-12-01T12:32:19","guid":{"rendered":"http:\/\/www.arcturius.net\/arcturius-dal-dr-biagio-di-franco\/"},"modified":"2016-12-13T13:37:44","modified_gmt":"2016-12-13T12:37:44","slug":"biagio-di-franco","status":"publish","type":"page","link":"https:\/\/www.arcturius.net\/it\/biagio-di-franco\/","title":{"rendered":"Arcturius dal Dr. Biagio Di Franco"},"content":{"rendered":"<div class=\"wpb-content-wrapper\"><p>[vc_row][vc_column][vc_column_text]<\/p>\n<h1 style=\"text-align: center;\">Arcturius presentato dal suo fondatore<\/h1>\n<p>[\/vc_column_text][\/vc_column][\/vc_row][vc_row][vc_column width=&#8221;1\/4&#8243;][vc_single_image image=&#8221;92&#8243; alignment=&#8221;center&#8221; style=&#8221;vc_box_circle&#8221; onclick=&#8221;link_image&#8221;][\/vc_column][vc_column width=&#8221;1\/2&#8243;][vc_column_text]<\/p>\n<h3 style=\"text-align: center;\">&#8221; Per guidare un business, la cosa pi\u00f9 importante \u00e8 avere coraggio e circondarsi di persone competenti&#8221;<\/h3>\n<p style=\"text-align: center;\">Dr. Biagio di Franco<br \/>\nFondatore &amp; CEO<br \/>\n<a title=\"profil linkedin\" href=\"https:\/\/www.linkedin.com\/in\/biagiodifranco\/it\" target=\"_blank\" rel=\"nofollow\">Profilo Linkedin<\/a><\/p>\n<p>[\/vc_column_text][\/vc_column][vc_column width=&#8221;1\/4&#8243;][\/vc_column][\/vc_row][vc_row][vc_column][vc_column_text]<\/p>\n<h3>Business : Teoria e Pratica<\/h3>\n<p>Affascinato dal mondo degli affari, volevo essere indipendente molto presto. Ho iniziato la mia prima attivit\u00e0 all&#8217;et\u00e0 di 17 anni entrando all&#8217;universit\u00e0. Cosi ho lavorato in parallelo ai miei studi per molti anni, acquisendo un bagaglio teorico solido con una Laurea, quatro Masters e un Dottorato di ricerca.<\/p>\n<p>Ho creato diverse imprese direttamente mettendo in pratica quello che studiavo sui banchi dell&#8217;universit\u00e0. Dopo aver imparato molto dai miei successi e dei miei errori nelle mie attivit\u00e0, ho potuto offrire i miei servizi per sviluppare, stimolare, riposizionare le aziende in Belgio, Italia, Stati Uniti, Cina, Romania e anche partecipare alla ricostruzione post-guerra del Kosovo.<\/p>\n<h3>La missione di Arcturius<\/h3>\n<p>All&#8217;interno della societ\u00e0 Arcturius ho radunato dirigenti di alto livello che hanno affrontato molte sfide nel mondo degli affari. La nostra missione \u00e8 quella di sostenervi nel vostro progetto di cambiamento e di farvi beneficiare della nostra esperienza e di un elevato livello di competenza in <a title=\"strategia di gestione aziendale\" href=\"http:\/\/www.arcturius.net\/it\/\">strategie aziendali<\/a>. In modo che insieme si possa raggiungere il successo.<\/p>\n<h3>Imprenditorialit\u00e0 e Innovazione<\/h3>\n<p>Esaltato dalla creazione e lo sviluppo di nuove idee, concetti e imprese, penso che dovremmo sostenere l&#8217;imprenditorialit\u00e0, perch\u00e9 \u00e8 un mondo esigente, difficile, ma anche pieno di gioia e di realizzazione personale.<\/p>\n<p>Insieme al il mio staff di alto livello, lavoriamo in Arcturius con il desiderio di contribuire allo sviluppo di aziende, citt\u00e0 e regioni per portare pi\u00f9 efficienza e pi\u00f9 benessere per tutti. Se si desidera beneficiare della nostra competenza ed esperienza di oltre 25 anni, non esitate a contattarci in modo che possiamo andare avanti insieme e dare il nostro contributo alla costruzione della vita aziendale.<\/p>\n<p>&nbsp;<\/p>\n<p>Dr. Biagio di Franco<br \/>\nFondatore &amp; CEO<br \/>\n<a title=\"profil linkedin\" href=\"https:\/\/www.linkedin.com\/in\/biagiodifranco\/it\" target=\"_blank\" rel=\"nofollow\">Profilo Linkedin<\/a>[\/vc_column_text][\/vc_column][\/vc_row]<\/p>\n<\/div>","protected":false},"excerpt":{"rendered":"<p>[vc_row][vc_column][vc_column_text] Arcturius presentato dal suo fondatore [\/vc_column_text][\/vc_column][\/vc_row][vc_row][vc_column width=&#8221;1\/4&#8243;][vc_single_image image=&#8221;92&#8243; alignment=&#8221;center&#8221; style=&#8221;vc_box_circle&#8221; onclick=&#8221;link_image&#8221;][\/vc_column][vc_column width=&#8221;1\/2&#8243;][vc_column_text] &#8221; Per guidare un business, la cosa pi\u00f9 importante \u00e8 avere coraggio e circondarsi di persone competenti&#8221; Dr. Biagio di Franco Fondatore &amp; CEO Profilo Linkedin [\/vc_column_text][\/vc_column][vc_column width=&#8221;1\/4&#8243;][\/vc_column][\/vc_row][vc_row][vc_column][vc_column_text] Business : Teoria e Pratica Affascinato dal mondo degli affari, volevo essere indipendente molto&hellip;<\/p>\n","protected":false},"author":1,"featured_media":0,"parent":0,"menu_order":0,"comment_status":"closed","ping_status":"closed","template":"","meta":{"footnotes":""},"class_list":["post-2407","page","type-page","status-publish","hentry","description-off"],"yoast_head":"<!-- This site is optimized with the Yoast SEO plugin v27.5 - https:\/\/yoast.com\/product\/yoast-seo-wordpress\/ -->\n<title>Biagio Di Franco presenta Arcturius<\/title>\n<meta name=\"description\" content=\"Arcturius riunisce dirigenti che hanno affrontato molte sfide e chi transmettono la loro competenza nella gestione strategica ed operativa aziendale.\" \/>\n<meta name=\"robots\" content=\"index, follow, max-snippet:-1, max-image-preview:large, max-video-preview:-1\" \/>\n<link rel=\"canonical\" href=\"https:\/\/www.arcturius.net\/it\/biagio-di-franco\/\" \/>\n<meta name=\"twitter:label1\" content=\"Tempo di lettura stimato\" \/>\n\t<meta name=\"twitter:data1\" content=\"2 minutes\" \/>\n<script type=\"application\/ld+json\" class=\"yoast-schema-graph\">{\"@context\":\"https:\\\/\\\/schema.org\",\"@graph\":[{\"@type\":\"WebPage\",\"@id\":\"https:\\\/\\\/www.arcturius.net\\\/it\\\/biagio-di-franco\\\/\",\"url\":\"https:\\\/\\\/www.arcturius.net\\\/it\\\/biagio-di-franco\\\/\",\"name\":\"Biagio Di Franco presenta Arcturius\",\"isPartOf\":{\"@id\":\"https:\\\/\\\/www.arcturius.net\\\/it\\\/#website\"},\"datePublished\":\"2016-12-01T12:32:19+00:00\",\"dateModified\":\"2016-12-13T12:37:44+00:00\",\"description\":\"Arcturius riunisce dirigenti che hanno affrontato molte sfide e chi transmettono la loro competenza nella gestione strategica ed operativa aziendale.\",\"breadcrumb\":{\"@id\":\"https:\\\/\\\/www.arcturius.net\\\/it\\\/biagio-di-franco\\\/#breadcrumb\"},\"inLanguage\":\"it-IT\",\"potentialAction\":[{\"@type\":\"ReadAction\",\"target\":[\"https:\\\/\\\/www.arcturius.net\\\/it\\\/biagio-di-franco\\\/\"]}]},{\"@type\":\"BreadcrumbList\",\"@id\":\"https:\\\/\\\/www.arcturius.net\\\/it\\\/biagio-di-franco\\\/#breadcrumb\",\"itemListElement\":[{\"@type\":\"ListItem\",\"position\":1,\"name\":\"Home\",\"item\":\"https:\\\/\\\/www.arcturius.net\\\/it\\\/\"},{\"@type\":\"ListItem\",\"position\":2,\"name\":\"Arcturius dal Dr. Biagio Di Franco\"}]},{\"@type\":\"WebSite\",\"@id\":\"https:\\\/\\\/www.arcturius.net\\\/it\\\/#website\",\"url\":\"https:\\\/\\\/www.arcturius.net\\\/it\\\/\",\"name\":\"Arcturius\",\"description\":\"\",\"publisher\":{\"@id\":\"https:\\\/\\\/www.arcturius.net\\\/it\\\/#organization\"},\"potentialAction\":[{\"@type\":\"SearchAction\",\"target\":{\"@type\":\"EntryPoint\",\"urlTemplate\":\"https:\\\/\\\/www.arcturius.net\\\/it\\\/?s={search_term_string}\"},\"query-input\":{\"@type\":\"PropertyValueSpecification\",\"valueRequired\":true,\"valueName\":\"search_term_string\"}}],\"inLanguage\":\"it-IT\"},{\"@type\":\"Organization\",\"@id\":\"https:\\\/\\\/www.arcturius.net\\\/it\\\/#organization\",\"name\":\"Arcturius\",\"url\":\"https:\\\/\\\/www.arcturius.net\\\/it\\\/\",\"logo\":{\"@type\":\"ImageObject\",\"inLanguage\":\"it-IT\",\"@id\":\"https:\\\/\\\/www.arcturius.net\\\/it\\\/#\\\/schema\\\/logo\\\/image\\\/\",\"url\":\"https:\\\/\\\/www.arcturius.net\\\/wp-content\\\/uploads\\\/2016\\\/09\\\/Arcturius-logo-illustrator-5cm-web.gif\",\"contentUrl\":\"https:\\\/\\\/www.arcturius.net\\\/wp-content\\\/uploads\\\/2016\\\/09\\\/Arcturius-logo-illustrator-5cm-web.gif\",\"width\":127,\"height\":33,\"caption\":\"Arcturius\"},\"image\":{\"@id\":\"https:\\\/\\\/www.arcturius.net\\\/it\\\/#\\\/schema\\\/logo\\\/image\\\/\"},\"sameAs\":[\"https:\\\/\\\/www.linkedin.com\\\/company\\\/arcturius\"]}]}<\/script>\n<!-- \/ Yoast SEO plugin. -->","yoast_head_json":{"title":"Biagio Di Franco presenta Arcturius","description":"Arcturius riunisce dirigenti che hanno affrontato molte sfide e chi transmettono la loro competenza nella gestione strategica ed operativa aziendale.","robots":{"index":"index","follow":"follow","max-snippet":"max-snippet:-1","max-image-preview":"max-image-preview:large","max-video-preview":"max-video-preview:-1"},"canonical":"https:\/\/www.arcturius.net\/it\/biagio-di-franco\/","twitter_misc":{"Tempo di lettura stimato":"2 minutes"},"schema":{"@context":"https:\/\/schema.org","@graph":[{"@type":"WebPage","@id":"https:\/\/www.arcturius.net\/it\/biagio-di-franco\/","url":"https:\/\/www.arcturius.net\/it\/biagio-di-franco\/","name":"Biagio Di Franco presenta Arcturius","isPartOf":{"@id":"https:\/\/www.arcturius.net\/it\/#website"},"datePublished":"2016-12-01T12:32:19+00:00","dateModified":"2016-12-13T12:37:44+00:00","description":"Arcturius riunisce dirigenti che hanno affrontato molte sfide e chi transmettono la loro competenza nella gestione strategica ed operativa aziendale.","breadcrumb":{"@id":"https:\/\/www.arcturius.net\/it\/biagio-di-franco\/#breadcrumb"},"inLanguage":"it-IT","potentialAction":[{"@type":"ReadAction","target":["https:\/\/www.arcturius.net\/it\/biagio-di-franco\/"]}]},{"@type":"BreadcrumbList","@id":"https:\/\/www.arcturius.net\/it\/biagio-di-franco\/#breadcrumb","itemListElement":[{"@type":"ListItem","position":1,"name":"Home","item":"https:\/\/www.arcturius.net\/it\/"},{"@type":"ListItem","position":2,"name":"Arcturius dal Dr. Biagio Di Franco"}]},{"@type":"WebSite","@id":"https:\/\/www.arcturius.net\/it\/#website","url":"https:\/\/www.arcturius.net\/it\/","name":"Arcturius","description":"","publisher":{"@id":"https:\/\/www.arcturius.net\/it\/#organization"},"potentialAction":[{"@type":"SearchAction","target":{"@type":"EntryPoint","urlTemplate":"https:\/\/www.arcturius.net\/it\/?s={search_term_string}"},"query-input":{"@type":"PropertyValueSpecification","valueRequired":true,"valueName":"search_term_string"}}],"inLanguage":"it-IT"},{"@type":"Organization","@id":"https:\/\/www.arcturius.net\/it\/#organization","name":"Arcturius","url":"https:\/\/www.arcturius.net\/it\/","logo":{"@type":"ImageObject","inLanguage":"it-IT","@id":"https:\/\/www.arcturius.net\/it\/#\/schema\/logo\/image\/","url":"https:\/\/www.arcturius.net\/wp-content\/uploads\/2016\/09\/Arcturius-logo-illustrator-5cm-web.gif","contentUrl":"https:\/\/www.arcturius.net\/wp-content\/uploads\/2016\/09\/Arcturius-logo-illustrator-5cm-web.gif","width":127,"height":33,"caption":"Arcturius"},"image":{"@id":"https:\/\/www.arcturius.net\/it\/#\/schema\/logo\/image\/"},"sameAs":["https:\/\/www.linkedin.com\/company\/arcturius"]}]}},"_links":{"self":[{"href":"https:\/\/www.arcturius.net\/it\/wp-json\/wp\/v2\/pages\/2407","targetHints":{"allow":["GET"]}}],"collection":[{"href":"https:\/\/www.arcturius.net\/it\/wp-json\/wp\/v2\/pages"}],"about":[{"href":"https:\/\/www.arcturius.net\/it\/wp-json\/wp\/v2\/types\/page"}],"author":[{"embeddable":true,"href":"https:\/\/www.arcturius.net\/it\/wp-json\/wp\/v2\/users\/1"}],"replies":[{"embeddable":true,"href":"https:\/\/www.arcturius.net\/it\/wp-json\/wp\/v2\/comments?post=2407"}],"version-history":[{"count":0,"href":"https:\/\/www.arcturius.net\/it\/wp-json\/wp\/v2\/pages\/2407\/revisions"}],"wp:attachment":[{"href":"https:\/\/www.arcturius.net\/it\/wp-json\/wp\/v2\/media?parent=2407"}],"curies":[{"name":"wp","href":"https:\/\/api.w.org\/{rel}","templated":true}]}}